{"id":1770,"date":"2015-02-16T00:46:06","date_gmt":"2015-02-15T23:46:06","guid":{"rendered":"http:\/\/www.wheelsecure.com\/?page_id=1770"},"modified":"2021-01-06T19:32:28","modified_gmt":"2021-01-06T18:32:28","slug":"mentions-legales","status":"publish","type":"page","link":"https:\/\/www.staging.wheelsecure.com\/fr\/mentions-legales\/","title":{"rendered":"Mentions L\u00e9gales"},"content":{"rendered":"<p style=\"padding-right: 90px; text-align: justify; padding-left: 60px;\">Le site <a title=\"Solution pr\u00e9ventive anti-crevaison\" href=\"http:\/\/www.wheelsecure.com\">www.wheelsecure.com<\/a> est la propri\u00e9t\u00e9 de la soci\u00e9t\u00e9 <b>WHEELSECURE SAS<\/b>\u00a0au capital de\u00a073\u00a0780 \u20ac.<\/p>\n<p style=\"padding-right: 90px; text-align: justify; padding-left: 60px;\">N\u00b0 SIREN\u00a0798\u00a0919\u00a0171\u00a0&#8211; au RCS\u00a0de PARIS.<\/p>\n<p style=\"padding-right: 90px; text-align: justify; padding-left: 60px;\">Si\u00e8ge social :\u00a0118-130 AV. JEAN JAUR\u00c8S \u00a0&#8211;\u00a075171 PARIS CEDEX 19<\/p>\n<p style=\"padding-right: 90px; text-align: justify; padding-left: 60px;\">Contact direct via ce <a title=\"Formulaire de contact Wheelsecure\" href=\"http:\/\/www.wheelsecure.com\/contactez-nous\/\">formulaire de contact<\/a>.<\/p>\n<p style=\"padding-right: 90px; text-align: justify; padding-left: 60px;\">Conform\u00e9ment \u00e0 la Loi Informatique et Libert\u00e9s, vous disposez d&rsquo;un droit d&rsquo;acc\u00e8s, de modification, de rectification et de suppression des donn\u00e9es qui vous concernent (article 34 de la Loi Informatique et Libert\u00e9s du 6 janvier 1978). Vous pouvez \u00e9galement, pour des motifs l\u00e9gitimes, vous opposer au traitement des donn\u00e9es vous concernant.<\/p>\n<p style=\"padding-right: 90px; text-align: justify; padding-left: 60px;\">Vous pouvez l&rsquo;exercer :<\/p>\n<p style=\"padding-left: 90px;\">&#8211; Soit en adressant un courrier \u00e0<b>\u00a0WHEELSECURE\u00a0SAS\u00a0<\/b>&#8211;\u00a0118-130 AV. JEAN JAUR\u00c8S \u00a0&#8211;\u00a075171 PARIS CEDEX 19<\/p>\n<p style=\"padding-left: 90px;\">&#8211; Soit directement sur le site\u00a0\u00e0 travers notre <a title=\"Page de contact Wheelsecure\" href=\"http:\/\/www.wheelsecure.com\/contactez-nous\/\">page de contact<\/a>.<\/p>\n<p style=\"padding-right: 90px; text-align: justify; padding-left: 60px;\"><strong>Responsable de la publication<\/strong> : Zoran Velkoski<\/p>\n<p style=\"padding-right: 90px; text-align: justify; padding-left: 60px;\"><strong>Cr\u00e9ation graphique et d\u00e9veloppement<\/strong> : SwinG Conseil<\/p>\n<div class=\"action-menu ab_ctl\"><\/div>\n<p style=\"padding-right: 90px; text-align: justify; padding-left: 60px;\"><strong>H\u00e9bergeur<\/strong> :\u00a0OVH,\u00a02 rue Kellermann &#8211; 59100 Roubaix \/ 09 \u00a072 10 10 07<\/p>\n<p style=\"padding-right: 90px; text-align: justify; padding-left: 60px;\">La structure g\u00e9n\u00e9rale, les fichiers t\u00e9l\u00e9chargeables, les textes, les images, les informations, les documents, les services et tout autre \u00e9l\u00e9ment composant ce site sont la propri\u00e9t\u00e9 exclusive de la soci\u00e9t\u00e9\u00a0<b>WHEELSECURE SAS<\/b>\u00a0ou de leurs propri\u00e9taires et sont prot\u00e9g\u00e9s par les dispositions du Code de la Propri\u00e9t\u00e9 Intellectuelle ou toute autre r\u00e9glementation relative \u00e0 la propri\u00e9t\u00e9 intellectuelle. Le logo est \u00e9galement d\u00e9pos\u00e9.<\/p>\n<p style=\"padding-right: 90px; text-align: justify; padding-left: 60px;\">Toute repr\u00e9sentation et \/ ou reproduction totale ou partielle de ce site (ou de l&rsquo;un quelconque des \u00e9l\u00e9ments qui le composent) par quelque proc\u00e9d\u00e9 que ce soit, sans l&rsquo;autorisation expresse pr\u00e9alable de la soci\u00e9t\u00e9 <b>WHEELSECURE SAS<\/b>\u00a0est interdite et peut constituer un acte de contrefa\u00e7on p\u00e9nalement sanctionn\u00e9. De mani\u00e8re g\u00e9n\u00e9rale, consultez-nous avant toute utilisation de nos donn\u00e9es.<\/p>\n<p style=\"padding-right: 90px; text-align: justify; padding-left: 60px;\">La reproduction de tous documents publi\u00e9s sur le site est toutefois autoris\u00e9e aux seules fins d&rsquo;information. La reproduction des pages de ce site sur un support papier ou \u00e9lectronique est autoris\u00e9e, sous r\u00e9serve du respect des conditions suivantes : gratuit\u00e9 de la diffusion, respect de l&rsquo;int\u00e9grit\u00e9 des documents reproduits (aucune modification, ni alt\u00e9ration d&rsquo;aucune sorte), citation explicite de ce site comme source et mention que les droits de reproduction sont r\u00e9serv\u00e9s et strictement limit\u00e9s. Les documents restreints disponibles dans les parties r\u00e9serv\u00e9es aux professionnels ne peuvent \u00eatre diffus\u00e9s au public et sont destin\u00e9s uniquement au distributeurs des produits.<\/p>\n<p style=\"padding-right: 90px; text-align: justify; padding-left: 60px;\">\u00c9galement, les marques et \/ ou logos figurant sur ce site sont des marques d\u00e9pos\u00e9es et \/ ou des cr\u00e9ations prot\u00e9g\u00e9es, propri\u00e9t\u00e9 exclusive de la soci\u00e9t\u00e9 <b>WHEELSECURE SAS<\/b>\u00a0ou de leurs propri\u00e9taires. Toute reproduction ou repr\u00e9sentation totale ou partielle de ces marques et\/ou de ces logos, sans l&rsquo;autorisation expresse pr\u00e9alable de la soci\u00e9t\u00e9 <b>WHEELSECURE SAS<\/b>\u00a0ou de leurs propri\u00e9taires est interdite et peut constituer un acte de contrefa\u00e7on p\u00e9nalement sanctionn\u00e9. De mani\u00e8re g\u00e9n\u00e9rale, il est interdit de modifier, de quelque mani\u00e8re que ce soit, les documents et informations diffus\u00e9s sur ce site, sauf autorisation \u00e9crite de la parte de la soci\u00e9t\u00e9\u00a0<b>WHEELSECURE SAS<\/b>\u00a0ou de leurs propri\u00e9taires.<\/p>\n","protected":false},"excerpt":{"rendered":"<p>Le site www.wheelsecure.com est la propri\u00e9t\u00e9 de la soci\u00e9t\u00e9 WHEELSECURE SAS\u00a0au capital de\u00a073\u00a0780 \u20ac. N\u00b0 SIREN\u00a0798\u00a0919\u00a0171\u00a0&#8211; au RCS\u00a0de PARIS. Si\u00e8ge social :\u00a0118-130 AV. JEAN JAUR\u00c8S \u00a0&#8211;\u00a075171 PARIS CEDEX 19 Contact direct via ce formulaire de contact. Conform\u00e9ment \u00e0 la Loi Informatique et Libert\u00e9s, vous disposez d&rsquo;un droit d&rsquo;acc\u00e8s, de modification, de rectification et de suppression [&hellip;]<\/p>\n","protected":false},"author":1,"featured_media":0,"parent":0,"menu_order":0,"comment_status":"closed","ping_status":"closed","template":"","meta":[],"acf":[],"yoast_head":"<!-- This site is optimized with the Yoast SEO plugin v20.3 - https:\/\/yoast.com\/wordpress\/plugins\/seo\/ -->\n<title>Mentions L\u00e9gales - WheelSecure<\/title>\n<meta name=\"robots\" content=\"index, follow, max-snippet:-1, max-image-preview:large, max-video-preview:-1\" \/>\n<link rel=\"canonical\" href=\"https:\/\/www.staging.wheelsecure.com\/fr\/mentions-legales\/\" \/>\n<meta name=\"twitter:label1\" content=\"Dur\u00e9e de lecture estim\u00e9e\" \/>\n\t<meta name=\"twitter:data1\" content=\"3 minutes\" \/>\n<script type=\"application\/ld+json\" class=\"yoast-schema-graph\">{\"@context\":\"https:\/\/schema.org\",\"@graph\":[{\"@type\":\"WebPage\",\"@id\":\"https:\/\/www.staging.wheelsecure.com\/fr\/mentions-legales\/\",\"url\":\"https:\/\/www.staging.wheelsecure.com\/fr\/mentions-legales\/\",\"name\":\"Mentions L\u00e9gales - WheelSecure\",\"isPartOf\":{\"@id\":\"https:\/\/www.staging.wheelsecure.com\/fr\/#website\"},\"datePublished\":\"2015-02-15T23:46:06+00:00\",\"dateModified\":\"2021-01-06T18:32:28+00:00\",\"breadcrumb\":{\"@id\":\"https:\/\/www.staging.wheelsecure.com\/fr\/mentions-legales\/#breadcrumb\"},\"inLanguage\":\"fr-FR\",\"potentialAction\":[{\"@type\":\"ReadAction\",\"target\":[\"https:\/\/www.staging.wheelsecure.com\/fr\/mentions-legales\/\"]}]},{\"@type\":\"BreadcrumbList\",\"@id\":\"https:\/\/www.staging.wheelsecure.com\/fr\/mentions-legales\/#breadcrumb\",\"itemListElement\":[{\"@type\":\"ListItem\",\"position\":1,\"name\":\"Accueil\",\"item\":\"https:\/\/www.staging.wheelsecure.com\/fr\/\"},{\"@type\":\"ListItem\",\"position\":2,\"name\":\"Mentions L\u00e9gales\"}]},{\"@type\":\"WebSite\",\"@id\":\"https:\/\/www.staging.wheelsecure.com\/fr\/#website\",\"url\":\"https:\/\/www.staging.wheelsecure.com\/fr\/\",\"name\":\"WheelSecure\",\"description\":\"Bouclier anti crevaison et anti sous-gonflage pr\u00e9ventif\",\"potentialAction\":[{\"@type\":\"SearchAction\",\"target\":{\"@type\":\"EntryPoint\",\"urlTemplate\":\"https:\/\/www.staging.wheelsecure.com\/fr\/?s={search_term_string}\"},\"query-input\":\"required name=search_term_string\"}],\"inLanguage\":\"fr-FR\"}]}<\/script>\n<!-- \/ Yoast SEO plugin. -->","yoast_head_json":{"title":"Mentions L\u00e9gales - WheelSecure","robots":{"index":"index","follow":"follow","max-snippet":"max-snippet:-1","max-image-preview":"max-image-preview:large","max-video-preview":"max-video-preview:-1"},"canonical":"https:\/\/www.staging.wheelsecure.com\/fr\/mentions-legales\/","twitter_misc":{"Dur\u00e9e de lecture estim\u00e9e":"3 minutes"},"schema":{"@context":"https:\/\/schema.org","@graph":[{"@type":"WebPage","@id":"https:\/\/www.staging.wheelsecure.com\/fr\/mentions-legales\/","url":"https:\/\/www.staging.wheelsecure.com\/fr\/mentions-legales\/","name":"Mentions L\u00e9gales - WheelSecure","isPartOf":{"@id":"https:\/\/www.staging.wheelsecure.com\/fr\/#website"},"datePublished":"2015-02-15T23:46:06+00:00","dateModified":"2021-01-06T18:32:28+00:00","breadcrumb":{"@id":"https:\/\/www.staging.wheelsecure.com\/fr\/mentions-legales\/#breadcrumb"},"inLanguage":"fr-FR","potentialAction":[{"@type":"ReadAction","target":["https:\/\/www.staging.wheelsecure.com\/fr\/mentions-legales\/"]}]},{"@type":"BreadcrumbList","@id":"https:\/\/www.staging.wheelsecure.com\/fr\/mentions-legales\/#breadcrumb","itemListElement":[{"@type":"ListItem","position":1,"name":"Accueil","item":"https:\/\/www.staging.wheelsecure.com\/fr\/"},{"@type":"ListItem","position":2,"name":"Mentions L\u00e9gales"}]},{"@type":"WebSite","@id":"https:\/\/www.staging.wheelsecure.com\/fr\/#website","url":"https:\/\/www.staging.wheelsecure.com\/fr\/","name":"WheelSecure","description":"Bouclier anti crevaison et anti sous-gonflage pr\u00e9ventif","potentialAction":[{"@type":"SearchAction","target":{"@type":"EntryPoint","urlTemplate":"https:\/\/www.staging.wheelsecure.com\/fr\/?s={search_term_string}"},"query-input":"required name=search_term_string"}],"inLanguage":"fr-FR"}]}},"_links":{"self":[{"href":"https:\/\/www.staging.wheelsecure.com\/fr\/wp-json\/wp\/v2\/pages\/1770"}],"collection":[{"href":"https:\/\/www.staging.wheelsecure.com\/fr\/wp-json\/wp\/v2\/pages"}],"about":[{"href":"https:\/\/www.staging.wheelsecure.com\/fr\/wp-json\/wp\/v2\/types\/page"}],"author":[{"embeddable":true,"href":"https:\/\/www.staging.wheelsecure.com\/fr\/wp-json\/wp\/v2\/users\/1"}],"replies":[{"embeddable":true,"href":"https:\/\/www.staging.wheelsecure.com\/fr\/wp-json\/wp\/v2\/comments?post=1770"}],"version-history":[{"count":20,"href":"https:\/\/www.staging.wheelsecure.com\/fr\/wp-json\/wp\/v2\/pages\/1770\/revisions"}],"predecessor-version":[{"id":3146,"href":"https:\/\/www.staging.wheelsecure.com\/fr\/wp-json\/wp\/v2\/pages\/1770\/revisions\/3146"}],"wp:attachment":[{"href":"https:\/\/www.staging.wheelsecure.com\/fr\/wp-json\/wp\/v2\/media?parent=1770"}],"curies":[{"name":"wp","href":"https:\/\/api.w.org\/{rel}","templated":true}]}}